{"id":7140,"date":"2024-06-07T11:10:11","date_gmt":"2024-06-07T09:10:11","guid":{"rendered":"https:\/\/www.skinconcept.at\/?page_id=7140"},"modified":"2025-09-09T20:26:41","modified_gmt":"2025-09-09T18:26:41","slug":"dermadrop-wien","status":"publish","type":"page","link":"https:\/\/www.skinconcept.at\/?page_id=7140","title":{"rendered":"DERMADROP"},"content":{"rendered":"<p><a href=\"https:\/\/www.skinconcept.at\" data-id-d=\"4\" data-img-style=\"\"><img loading=\"lazy\" decoding=\"async\" src=\"https:\/\/www.skinconcept.at\/wp-content\/uploads\/2020\/04\/Skin-Concept-Final_flach_schwarz-1.jpg\" height=\"415\" width=\"2419\" alt=\"\" style=\"\"><\/img><\/a><a href=\"https:\/\/www.instagram.com\/skinconceptvienna\/\">                    <\/a><a href=\"https:\/\/www.facebook.com\/www.skinconcept.at\/?ref=bookmarks\">                    <\/a><a href=\"tel:+436766173766\" rel=\"\">                    <\/a>                    <a href=\"https:\/\/www.skinconcept.at\/?page_id=3179\" rel=\"\">                    <\/a><a href=\"https:\/\/www.skinconcept.at\/?page_id=2621\" rel=\"\">                    <\/a><a href=\"#tve-jump-172d7ae2b7c\"><\/a><span style=\"\"><a href=\"https:\/\/buchung.treatwell.at\/ort\/skinconcept\/\" rel=\"\"><img decoding=\"async\" alt=\"\" data-id=\"7512\" width=\"100\" data-init-width=\"168\" height=\"101\" data-init-height=\"169\" title=\"Termin Buchen_ROSA_SW_SCHRIFT\" loading=\"lazy\" src=\"https:\/\/www.skinconcept.at\/wp-content\/uploads\/2023\/10\/Termin-Buchen_ROSA_SW_SCHRIFT.png\" data-width=\"100\" data-height=\"101\" style=\"aspect-ratio: auto 168 \/ 169;\" ml-d=\"0\" mt-d=\"0\" data-link-wrap=\"true\"><\/a><\/span><span style=\"\"><img decoding=\"async\" alt=\"\" data-id=\"911\" width=\"70\" data-init-width=\"388\" height=\"71\" data-init-height=\"389\" title=\"Kosmetik dickere Linien_SW\" loading=\"lazy\" src=\"https:\/\/www.skinconcept.at\/wp-content\/uploads\/2020\/04\/Kosmetik-dickere-Linien_SW.png\" style=\"aspect-ratio: auto 388 \/ 389;\" mt-d=\"0\" data-width=\"70\" data-height=\"71\" ml-d=\"0\" ml-m=\"0\"><\/span><\/p>\n<h1 style=\"text-align: center;\">KosmetikBehandlung<\/h1>\n<h3 style=\"text-align: center;\">DermaDrop<\/h3>\n<p style=\"text-align: justify;\"><strong>DERMADROP<\/strong> ist ein weltweit einzigartiges Behandlungskonzept f\u00fcr den ganzen K\u00f6rper, welches eine intensive Tiefenwirkung mit einer angenehmen Behandlung verbindet. Der Schl\u00fcssel zu sch\u00f6ner, gesunder Haut sind vitale Hautzellen. Lange Zeit konnten nur invasive Methoden in die tieferen Schichten der Haut vordringen.Das DERMADROP TDA-System hingegen arbeitet <strong>ohne direkten Hautkontakt<\/strong>. Es erm\u00f6glicht hocheffektive Wirkstoffe bis in die tiefsten Hautschichten zu transportieren, die dort aktive Wirkstoffdepots bilden k\u00f6nnen. Alles, was Sie w\u00e4hrend der Behandlung sp\u00fcren, ist ein&nbsp;<strong>angenehm k\u00fchlender Massagedruck<\/strong> auf der Hautoberfl\u00e4che. Die Haut regeneriert sich von innen heraus und gewinnt ihre nat\u00fcrliche Festigkeit und Strahlkraft zur\u00fcck.<\/p>\n<p style=\"text-align: justify;\">DERMADROP Behandlungen k\u00f6nnen an Gesicht, K\u00f6rper, Haaren und N\u00e4gel durchgef\u00fchrt werden.<\/p>\n<p style=\"text-align: center;\"><em><strong>DER ULTIMATIVE GLOW<\/strong><\/em><em><strong>SCHON NACH DER ERSTEN BEHANDLUNG<\/strong><\/em><\/p>\n<p><span><img decoding=\"async\" alt=\"\" data-id=\"7915\" width=\"1280\" data-init-width=\"1418\" height=\"2311\" data-init-height=\"2560\" title=\"BIOBTX Information_Seite_1\" loading=\"lazy\" src=\"https:\/\/www.skinconcept.at\/wp-content\/uploads\/2025\/09\/BIOBTX-Information_Seite_1-scaled.jpg\" data-width=\"1280\" data-height=\"2311\" style=\"aspect-ratio: auto 1418 \/ 2560;\"><\/span><span><img decoding=\"async\" alt=\"\" data-id=\"7920\" width=\"633\" data-init-width=\"1412\" height=\"1147\" data-init-height=\"2560\" title=\"BIOBTX Information_Seite_2.2\" loading=\"lazy\" src=\"https:\/\/www.skinconcept.at\/wp-content\/uploads\/2025\/09\/BIOBTX-Information_Seite_2.2-scaled.jpg\" data-width=\"633\" data-height=\"1147\" style=\"aspect-ratio: auto 1412 \/ 2560;\"><\/span><\/p>\n<h3 style=\"text-align: center;\">Ergebnisse, die f\u00fcr sich sprechen&nbsp; &nbsp;<\/h3>\n<ul>\n<li style=\"\"><span style=\"\"><strong>Nachhaltige Straffung der Haut<\/strong><\/span><\/li>\n<li style=\"\"><span style=\"\"><strong>Reduzierung der Faltentiefe<\/strong><\/span><\/li>\n<li style=\"\"><span style=\"\"><strong>Bildung von Feuchtigkeitsdepots<\/strong><\/span><\/li>\n<\/ul>\n<ul>\n<li style=\"\"><span style=\"\"><strong>Verbesserung des Hautbildes<\/strong><\/span><\/li>\n<li style=\"\"><span style=\"\"><strong>Aktivierung der Zellerneuerung<\/strong><\/span><\/li>\n<li style=\"\"><span style=\"\"><strong>Aufbau von Kollagenfasern<\/strong><\/span><\/li>\n<\/ul>\n<p style=\"text-align: center;\">DermaDrop Gesichtsbehandlungen<\/p>\n<p style=\"text-align: justify;\">Eine Behandlung die <strong>sanft und effektiv zugleich<\/strong> ist und bei der Sie keine Ausfallzeiten zu beklagen haben. <strong>DERMADROP TDA <\/strong>liefert Ihnen diese M\u00f6glichkeit. W\u00e4hrend der Behandlung nehmen Sie einen angenehm k\u00fchlenden Massagedruck auf Ihrer Hautoberfl\u00e4che wahr. Trotz dieser sanften Behandlungsmethode ist <strong>DERMADROP<\/strong> hoch wirksam und Falten k\u00f6nnen gegl\u00e4ttet, Hautunreinheiten und Hyperpigmentierung schonend und effizient behandelt werden.<\/p>\n<p style=\"text-align: justify;\"><strong><strong><span style=\"text-decoration: underline;\">Anwendungsgebiete<\/span><\/strong><span style=\"text-decoration: underline;\">:<\/span><\/strong><\/p>\n<ul>\n<li style=\"\"><span style=\"\"><strong>Anti-Aging<\/strong><\/span><\/li>\n<\/ul>\n<ul>\n<li style=\"\"><span style=\"\"><strong>Hautunreinheiten<\/strong><\/span><\/li>\n<\/ul>\n<ul>\n<li style=\"\"><span style=\"\"><strong>Pigmentst\u00f6rungen<\/strong><\/span><\/li>\n<\/ul>\n<ul>\n<li style=\"\"><span style=\"\"><strong>Hautreizungen<\/strong><\/span><\/li>\n<\/ul>\n<ul>\n<li style=\"\"><span style=\"\"><strong>Feuchtigkeitsmangel<\/strong><\/span><\/li>\n<\/ul>\n<p style=\"text-align: center;\">Preise Einzelbehandlung<\/p>\n<p><strong><span><span><strong><strong><strong><span><span><strong><span><span><strong><span><strong><strong><span><strong><strong><span><strong>Dermadrop&nbsp;<strong><span><strong>Intense<\/strong><\/span><\/strong><\/strong><\/span><\/strong><\/strong><\/span><\/strong><\/strong><\/span><\/strong><\/span><\/span><\/strong><\/span><\/span><\/strong><\/strong><\/strong><\/span><\/span><\/strong><\/p>\n<p style=\"text-align: right;\"><span><span>175\u20ac<\/span><\/span><\/p>\n<p><strong><span><span><strong><strong><strong><span><span><strong><span><span><strong><span><strong><strong><span><strong><strong><span><strong>Dermadrop BIOBTX<\/strong><\/span><\/strong><\/strong><\/span><\/strong><\/strong><\/span><\/strong><\/span><\/span><\/strong><\/span><\/span><\/strong><\/strong><\/strong><\/span><\/span><\/strong><\/p>\n<p style=\"text-align: right;\"><span><span>195\u20ac<\/span><\/span><\/p>\n<p><strong><span><span><strong><strong><strong><span><span><strong><span><span><strong><span><strong><strong><span><strong><strong><span><strong><strong><span><strong>Hals &amp; Dekollete*<\/strong><\/span><\/strong><\/strong><\/span><\/strong><\/strong><\/span><\/strong><\/strong><\/span><\/strong><\/span><\/span><\/strong><\/span><\/span><\/strong><\/strong><\/strong><\/span><\/span><\/strong><\/p>\n<p style=\"text-align: right;\"><span><span>60\u20ac<\/span><\/span><\/p>\n<p><strong><span><span><strong><strong><strong><span><span><strong><span><span><strong><span><strong>Dermadrop&nbsp;<strong><span><strong>Boost*<\/strong><\/span><\/strong><\/strong><\/span><\/strong><\/span><\/span><\/strong><\/span><\/span><\/strong><\/strong><\/strong><\/span><\/span><\/strong><\/p>\n<p style=\"text-align: right;\"><span><span>60\u20ac<\/span><\/span><\/p>\n<p><strong><span><span><strong>Lipbooster oder Eyes Treatment*<\/strong><\/span><\/span><\/strong><\/p>\n<p style=\"text-align: right;\"><span><span>50 \u20ac<\/span><\/span><\/p>\n<p><strong><span><span><strong><strong>Pretty Hands Treatment*<\/strong><\/strong><\/span><\/span><\/strong><\/p>\n<p style=\"text-align: right;\"><span><span>50 \u20ac<\/span><\/span><\/p>\n<p><strong><span><span><strong><strong>Hair Treatment<strong><span><span><strong><span><span><\/span><\/span><\/strong><\/span><\/span><\/strong><\/strong><\/strong><\/span><\/span><\/strong><\/p>\n<p style=\"text-align: right;\"><span><span>65 \u20ac<\/span><\/span><\/p>\n<p style=\"\">*Zus\u00e4tzlich buchbar zu anderen Gesichtsbehandlungen. <strong><em>Lassen Sie sich beraten!<\/em><\/strong><\/p>\n<p style=\"text-align: center;\"><strong><span style=\"font-size: 22px;\">Eine TDA-Behandlung ist gut, aber eine TDA-Kur ist noch besser.<\/span><\/strong><\/p>\n<p style=\"text-align: left;\">Nach einigen Behandlungen beginnen sich tief in der Haut Depots der TDA-Substanzen zu bilden. Diese Depots versorgen die Zellen und sorgen f\u00fcr eine dauerhafte Verbesserung des Hautzustandes. Es wird eine Kurbehandlung von 6 Behandlungen innerhalb von 4 bis 6 Wochen empfohlen.<\/p>\n<p><span style=\"\"><img decoding=\"async\" alt=\"\" data-id=\"7922\" width=\"966\" data-init-width=\"1600\" height=\"542\" data-init-height=\"898\" title=\"WhatsApp Image 2025-09-07 at 18.51.00\" loading=\"lazy\" src=\"https:\/\/www.skinconcept.at\/wp-content\/uploads\/2025\/09\/WhatsApp-Image-2025-09-07-at-18.51.00.jpeg\" data-width=\"966\" data-height=\"542\" style=\"aspect-ratio: auto 1600 \/ 898;\" mt-d=\"0\" ml-d=\"-1.657000000000039\"><\/span><span style=\"\"><img decoding=\"async\" alt=\"\" data-id=\"7932\" width=\"446\" data-init-width=\"730\" height=\"549\" data-init-height=\"898\" title=\"PHOTO-2025-02-19-10-09-45_Zuschnitt\" loading=\"lazy\" src=\"https:\/\/www.skinconcept.at\/wp-content\/uploads\/2025\/09\/PHOTO-2025-02-19-10-09-45_Zuschnitt.jpg\" data-width=\"446\" data-height=\"549\" style=\"aspect-ratio: auto 730 \/ 898;\" ml-d=\"0\" ml-m=\"0\" mt-m=\"-84.88500000000005\" center-v-m=\"false\" mt-d=\"-2.197999999999979\"><\/span><span style=\"\"><img decoding=\"async\" alt=\"\" data-id=\"7928\" width=\"908\" data-init-width=\"1600\" height=\"510\" data-init-height=\"898\" title=\"WhatsApp Image 2025-09-07 at 18.57.29\" loading=\"lazy\" src=\"https:\/\/www.skinconcept.at\/wp-content\/uploads\/2025\/09\/WhatsApp-Image-2025-09-07-at-18.57.29.jpeg\" data-width=\"908\" data-height=\"510\" style=\"aspect-ratio: auto 1600 \/ 898;\" mt-m=\"0\" center-v-m=\"false\" ml-d=\"-159\" mt-d=\"0\" center-h-d=\"false\" ml-m=\"0\"><\/span><span style=\"\"><img decoding=\"async\" alt=\"\" data-id=\"7201\" width=\"893\" data-init-width=\"2560\" height=\"584\" data-init-height=\"1674\" title=\"DermaDrop Wirkweise\" loading=\"lazy\" src=\"https:\/\/www.skinconcept.at\/wp-content\/uploads\/2022\/11\/DermaDrop-Wirkweise-scaled.jpg\" data-width=\"893\" data-height=\"584\" style=\"aspect-ratio: auto 2560 \/ 1674;\" ml-d=\"-1.4800000000000182\"><\/span><\/p>\n<p style=\"text-align: justify;\"><strong>Eine Behandlung, die tiefer geht!<\/strong><\/p>\n<p style=\"text-align: justify;\">Das Geheimnis der Hautdurchdringung liegt in der f\u00fcr <strong>DERMADROP<\/strong> exklusiv entwickelten, mit Aktivstoffen angereicherten Tr\u00e4gersubstanz LP3. W\u00e4hrend der Behandlung wird LP3 durch reinen Sauerstoff aktiviert und \u00f6ffnet die Epidermis, und erm\u00f6glicht den wirkaktiven Substanzen den Weg in tiefere Hautschichten. <strong>F\u00fcr eine strahlend sch\u00f6ne Haut \u2013 von innen heraus.<\/strong><\/p>\n<h3 style=\"color: rgb(169, 169, 169) !important; --tcb-applied-color:rgb(169, 169, 169)  !important;\">SkinConcept Newsletter<\/h3>\n<p>Mit nur ein paar Clicks bist Du dabei!<\/p>\n<p><span style=\"\"><img decoding=\"async\" alt=\"\" data-id=\"6252\" width=\"504\" height=\"336\" title=\"Woman,Has,Fun,With,A,Facial,Mask.self,Portrait,Of,Charming,\" src=\"https:\/\/www.skinconcept.at\/wp-content\/uploads\/2021\/02\/shutterstock_1434604472-scaled.jpg\" style=\"aspect-ratio: auto 2560 \/ 1707;\" data-width=\"504\" data-height=\"336\" data-init-width=\"2560\" data-init-height=\"1707\" loading=\"lazy\" ml-d=\"-5.937999999999988\" mt-d=\"0\" ml-m=\"-81.56200000000001\" center-h-m=\"false\"><\/span><\/p>\n<h2 style=\"text-align: center;\">#<span>Feed<span style=\"font-size: 40px;\"> <\/span>Back&nbsp;&nbsp;<\/span><\/h2>\n<p style=\"text-align: center;\"><strong>Testimonials<\/strong><\/p>\n<h3 style=\"text-align: center;\">\u201eWas unsere Kundinnen sagen\u201c<\/h3>\n<h6 style=\"text-align: center; color: rgb(166, 166, 166) !important; --tcb-applied-color:rgb(166, 166, 166)  !important;\">\u201eKompliment\u201c<\/h6>\n<p style=\"font-size: 18px !important;\">Monika ist eine ausgesprochen liebe und freundlich Person, man f\u00fchlt sich sofort willkommen und wohl. Die <strong>Gesichtsbehandlung<\/strong> ist toll! Man kann richtig gut entspannen und strahlt nachher f\u00f6rmlich! Habe sogar am Abend ein Kompliment f\u00fcr meinen tollen Teint bekommen<\/p>\n<h6 data-ft=\"{&quot;tn&quot;:&quot;C&quot;}\">V. from TREATWELL Review<\/h6>\n<h6 style=\"text-align: center; color: rgb(166, 166, 166) !important; --tcb-applied-color:rgb(166, 166, 166)  !important;\">\u201eSpa-Feeling\u201c<\/h6>\n<p style=\"\">Sehr freundlicher Empfang. Super Beratung ohne aufdringlich zu sein. Alles sehr sauber und professionell. Hatte eine <strong>Gesichtsbehandlung<\/strong> bei Monika. Kann ich nur weiter empfehlen und ich war bestimmt nicht das letzte Mal dort. Es wird jeder Schritt genau erkl\u00e4rt. Ich habe mich sehr wohl gef\u00fchlt und wurde sehr kompetent beraten. Also ich kann das Skin concept Team w\u00e4rmstens empfehlen. Einfach eine Top Beratung mit einer angenehmen Atmosph\u00e4re.<\/p>\n<h6 data-ft=\"{&quot;tn&quot;:&quot;C&quot;}\"><span data-ft=\"{&quot;tn&quot;:&quot;l&quot;}\" title=\"Nelly Paulina\">C. from Treatwell Review<\/span><\/h6>\n<h6 style=\"text-align: center; color: rgb(166, 166, 166) !important; --tcb-applied-color:rgb(166, 166, 166)  !important;\">\u201eTeam-Experts\u201c<\/h6>\n<p style=\"\">Wundersch\u00f6ner Salon, au\u00dfergew\u00f6hnlich <strong>freundliche Kosmetikerin<\/strong>! Die Behandlung war sehr professionell, es wurde alles genau erkl\u00e4rt. Die Produkte und die Anwendungen waren angenehm, die Haut nachher gepflegt und gut versorgt. Ich habe mich sehr wohlgef\u00fchlt, ein entspannter Tag!!<\/p>\n<h6 data-ft=\"{&quot;tn&quot;:&quot;C&quot;}\"><span data-ft=\"{&quot;tn&quot;:&quot;l&quot;}\" title=\"Nelly Paulina\">S. from Facebook Review<\/span><\/h6>\n<h6 style=\"text-align: center; color: rgb(166, 166, 166) !important; --tcb-applied-color:rgb(166, 166, 166)  !important;\">\u201eEs war ein Traum\u201c<\/h6>\n<p style=\"\">Monika ist so warmherzig und ein absoluter Haut-Profi. Ich d\u00fcrfte das Beauty-Peel mit allem Pipapo genie\u00dfen und es war ein Traum. Wenn ich mehr Sterne vergeben k\u00f6nnte, w\u00fcrde ich das tun. Bis bald!!!<\/p>\n<h6 data-ft=\"{&quot;tn&quot;:&quot;C&quot;}\"><span data-ft=\"{&quot;tn&quot;:&quot;l&quot;}\" title=\"Nelly Paulina\">L. from Treatwell Review<\/span><\/h6>\n<h6 style=\"text-align: center; color: rgb(166, 166, 166) !important; --tcb-applied-color:rgb(166, 166, 166)  !important;\">\u201eHaut-Profi\u201c<\/h6>\n<p style=\"\">SkinConcept ist eine Wohlf\u00fchl-Oase mitten im Trubel von Wien. Monika, die Inhaberin, ist warmherzig, feinf\u00fchlig und ein <strong>Haut-Profi<\/strong> par excellence. Sie erkl\u00e4rt alles in Ruhe und l\u00e4sst einen einfach gut f\u00fchlen. Man\/frau kann bei ihr online buchen, einfach und zeitsparend. Die R\u00e4umlichkeiten sind wunderbar und mit Liebe zum Detail eingerichtet. Ich werde Besuche dort fest in meine \u201eBetter-Aging-Strategie\u201c mit einplanen <img decoding=\"async\" role=\"img\" alt=\"\ud83d\ude4c\" src=\"https:\/\/s.w.org\/images\/core\/emoji\/12.0.0-1\/svg\/1f64c.svg\">&nbsp;<\/p>\n<h6 data-ft=\"{&quot;tn&quot;:&quot;C&quot;}\"><span data-ft=\"{&quot;tn&quot;:&quot;l&quot;}\" title=\"Nelly Paulina\">L. from Google Review<\/span><\/h6>\n<h6 style=\"text-align: center; color: rgb(166, 166, 166) !important; --tcb-applied-color:rgb(166, 166, 166)  !important;\">\u201eSehr kompetent\u201c<\/h6>\n<p style=\"\">Ganz tolle Beratung auch f\u00fcr dir Pflege im privaten Bereich, es werden dir keine Produkte aufgeschwazt die man kaufen soll (obwohl vorhanden)&#8230;. <strong>Sehr kompetent<\/strong> und trotzdem in keiner aufdringlichen Art und Weise&#8230;. Sehr entspannte Atmosph\u00e4re&#8230; Ein sehr gelungener Besuch&#8230;. Ich komme wieder!<\/p>\n<h6 data-ft=\"{&quot;tn&quot;:&quot;C&quot;}\"><span data-ft=\"{&quot;tn&quot;:&quot;l&quot;}\" title=\"Nelly Paulina\">M. from TREATWELL Review<\/span><\/h6>\n<p><a href=\"https:\/\/www.skinconcept.at\/?page_id=3179\" rel=\"\" style=\"\"><\/p>\n<h4 data-hide=\"true\" style=\"text-align: center;\">Kontakt<\/h4>\n<p><\/a><a href=\"https:\/\/www.skinconcept.at\/?page_id=2621\" rel=\"\" style=\"\"><\/p>\n<h4 style=\"text-align: center;\">Anfahrtsweg<\/h4>\n<p><\/a><a href=\"https:\/\/www.skinconcept.at\/?page_id=3396\" rel=\"\"><\/p>\n<h4 style=\"text-align: center;\"><span style=\"font-weight: normal;\">Impressum<\/span><\/h4>\n<p><\/a><a href=\"https:\/\/www.skinconcept.at\/?page_id=6628\" rel=\"\" style=\"\"><\/p>\n<h4 data-alt-text=\"AGB\" style=\"text-align: center;\"><span style=\"text-decoration: none;\">AGB<\/span><\/h4>\n<p><\/a><a href=\"https:\/\/www.skinconcept.at\/?page_id=3356\" rel=\"\"><\/p>\n<h4 style=\"text-align: center;\">Datenschutz<\/h4>\n<p><\/a><a href=\"https:\/\/www.skinconcept.at\/?page_id=3456\" rel=\"\" style=\"\"><\/p>\n<h4 style=\"text-align: center;\">Nutzunsbedingungen<\/h4>\n<p><\/a><a href=\"https:\/\/www.instagram.com\/skinconceptvienna\/\" target=\"_blank\">                    <\/a><a href=\"https:\/\/www.facebook.com\/www.skinconcept.at\/?ref=bookmarks\" target=\"_blank\">                    <\/a><a href=\"tel:+436766173766\">                    <\/a><span><a href=\"https:\/\/www.skinconcept.at\"><img decoding=\"async\" alt=\"\" data-id=\"76\" width=\"260\" data-init-width=\"1246\" height=\"68\" data-init-height=\"326\" title=\"Skin Concept-Final_flach_schwarz\" src=\"https:\/\/www.skinconcept.at\/wp-content\/uploads\/2020\/04\/Skin-Concept-Final_flach_schwarz.png\" data-width=\"260\" data-height=\"68\" style=\"aspect-ratio: auto 1246 \/ 326;\" ml-d=\"0\" data-link-wrap=\"true\" loading=\"lazy\"><\/a><\/span><\/p>\n<p style=\"text-align: left; color: inherit !important; --tcb-applied-color: inherit !important;\">Wattmanngasse 12\/Top 5, 1130 Wien, Hietzing, \u00d6sterreich<\/p>\n<p style=\"text-align: left; color: inherit !important; --tcb-applied-color: inherit !important;\">Tel.: <a href=\"tel:0676%206173766\" style=\"outline: none;\">+43-676-6173766<\/a><\/p>\n<p style=\"text-align: left; color: inherit !important; --tcb-applied-color: inherit !important;\">E-Mail: <a href=\"https:\/\/www.skinconcept.at\/?page_id=3179\" style=\"outline: none;\">monika@skinconcept.at<\/a><\/p>\n<p style=\"text-align: center; letter-spacing: 0px;\"><span>\u00a9 2021 <span style=\"font-family: Cinzel; font-weight: 400;\">SkinConcept &nbsp;| &nbsp;<\/span><strong>Monika Ficenec (Inh.)<\/strong> &nbsp;| &nbsp;Pow<\/span>ered by WordPress &nbsp;| &nbsp;Theme: Thrive Architect &nbsp;| &nbsp;<a href=\"http:\/\/www.idesixx.com\" target=\"_blank\" style=\"outline: none;\" data-tcb_hover_state_parent=\"\"><strong>Grafikb\u00fcro: Idesixx@gmail.com<\/strong><\/a><\/p>\n","protected":false},"excerpt":{"rendered":"<p>KosmetikBehandlung DermaDrop DERMADROP ist ein weltweit einzigartiges Behandlungskonzept f\u00fcr den ganzen K\u00f6rper, welches eine intensive Tiefenwirkung mit einer angenehmen Behandlung verbindet. Der Schl\u00fcssel zu sch\u00f6ner, gesunder Haut sind vitale Hautzellen. Lange Zeit konnten nur invasive Methoden in die tieferen Schichten der Haut vordringen.Das DERMADROP TDA-System hingegen arbeitet ohne direkten Hautkontakt. Es erm\u00f6glicht hocheffektive Wirkstoffe bis [&hellip;]<\/p>\n","protected":false},"author":1,"featured_media":0,"parent":5606,"menu_order":0,"comment_status":"closed","ping_status":"closed","template":"","meta":{"footnotes":""},"class_list":["post-7140","page","type-page","status-publish","hentry"],"_links":{"self":[{"href":"https:\/\/www.skinconcept.at\/index.php?rest_route=\/wp\/v2\/pages\/7140","targetHints":{"allow":["GET"]}}],"collection":[{"href":"https:\/\/www.skinconcept.at\/index.php?rest_route=\/wp\/v2\/pages"}],"about":[{"href":"https:\/\/www.skinconcept.at\/index.php?rest_route=\/wp\/v2\/types\/page"}],"author":[{"embeddable":true,"href":"https:\/\/www.skinconcept.at\/index.php?rest_route=\/wp\/v2\/users\/1"}],"replies":[{"embeddable":true,"href":"https:\/\/www.skinconcept.at\/index.php?rest_route=%2Fwp%2Fv2%2Fcomments&post=7140"}],"version-history":[{"count":153,"href":"https:\/\/www.skinconcept.at\/index.php?rest_route=\/wp\/v2\/pages\/7140\/revisions"}],"predecessor-version":[{"id":7953,"href":"https:\/\/www.skinconcept.at\/index.php?rest_route=\/wp\/v2\/pages\/7140\/revisions\/7953"}],"up":[{"embeddable":true,"href":"https:\/\/www.skinconcept.at\/index.php?rest_route=\/wp\/v2\/pages\/5606"}],"wp:attachment":[{"href":"https:\/\/www.skinconcept.at\/index.php?rest_route=%2Fwp%2Fv2%2Fmedia&parent=7140"}],"curies":[{"name":"wp","href":"https:\/\/api.w.org\/{rel}","templated":true}]}}