{"id":6179,"date":"2024-06-09T20:58:56","date_gmt":"2024-06-09T18:58:56","guid":{"rendered":"https:\/\/www.skinconcept.at\/?page_id=6179"},"modified":"2025-09-07T13:02:25","modified_gmt":"2025-09-07T11:02:25","slug":"newsletter","status":"publish","type":"page","link":"https:\/\/www.skinconcept.at\/?page_id=6179","title":{"rendered":"Newsletter"},"content":{"rendered":"<p><a href=\"https:\/\/www.skinconcept.at\" data-id-d=\"4\" data-img-style=\"\"><img loading=\"lazy\" decoding=\"async\" src=\"https:\/\/www.skinconcept.at\/wp-content\/uploads\/2020\/04\/Skin-Concept-Final_flach_schwarz-1.jpg\" height=\"415\" width=\"2419\" alt=\"\" style=\"\"><\/img><\/a><span style=\"height: 100%;\"><a href=\"https:\/\/buchung.treatwell.at\/ort\/skinconcept\/\"><img decoding=\"async\" alt=\"\" data-id=\"2730\" width=\"100\" data-init-width=\"172\" height=\"100\" data-init-height=\"172\" title=\"Online Buchen_2\" src=\"https:\/\/www.skinconcept.at\/wp-content\/uploads\/2020\/06\/Online-Buchen_2.png\" data-width=\"100\" data-height=\"100\" style=\"max-width: none !important; aspect-ratio: auto 172 \/ 172;\" mt-d=\"0\" ml-d=\"0\" ml-m=\"0\" data-link-wrap=\"true\" loading=\"lazy\"><\/a><\/span><\/p>\n<h3 id=\"t-1587559660142\" style=\"text-align: center;\">Newsletter Abonnieren!<\/h3>\n<p style=\"text-align: justify;\">*Pflichtfelder. Tragen Sie Ihre E-Mail-Adresse ein und so kommen Sie zu Ihrem pers\u00f6nlichen SkinConcept-Newsletter. Selbstverst\u00e4ndlich haben Sie jederzeit die M\u00f6glichkeit, den Newsletter ohne Angabe von Gr\u00fcnden via E-Mail an monika@skinconcept.at abzubestellen und Ihre Zustimmung damit zu widerrufen. Bis zu diesem Zeitpunkt an die von Ihnen bekannt gegebene E-Mail-Adresse versendete Newsletter sind von diesem Widerruf nicht betroffen. Wir werden Ihre Daten nicht an Dritte weitergeben und ausnahmslos f\u00fcr den SkinConcept-Newsletter verwenden.<\/p>\n<p><a href=\"https:\/\/www.skinconcept.at\/?page_id=3179\" rel=\"\" style=\"\"><\/p>\n<h4 data-hide=\"true\" style=\"text-align: center;\">Kontakt<\/h4>\n<p><\/a><a href=\"https:\/\/www.skinconcept.at\/?page_id=2621\" rel=\"\" style=\"\"><\/p>\n<h4 style=\"text-align: center;\">Anfahrtsweg<\/h4>\n<p><\/a><a href=\"https:\/\/www.skinconcept.at\/?page_id=3396\" rel=\"\"><\/p>\n<h4 style=\"text-align: center;\"><span style=\"font-weight: normal;\">Impressum<\/span><\/h4>\n<p><\/a><a href=\"https:\/\/www.skinconcept.at\/?page_id=6628\" rel=\"\" style=\"\"><\/p>\n<h4 data-alt-text=\"AGB\" style=\"text-align: center;\"><span style=\"text-decoration: none;\">AGB<\/span><\/h4>\n<p><\/a><a href=\"https:\/\/www.skinconcept.at\/?page_id=3356\" rel=\"\"><\/p>\n<h4 style=\"text-align: center;\">Datenschutz<\/h4>\n<p><\/a><a href=\"https:\/\/www.skinconcept.at\/?page_id=3456\" rel=\"\" style=\"\"><\/p>\n<h4 style=\"text-align: center;\">Nutzunsbedingungen<\/h4>\n<p><\/a><a href=\"https:\/\/www.instagram.com\/skinconceptvienna\/\" target=\"_blank\">                    <\/a><a href=\"https:\/\/www.facebook.com\/www.skinconcept.at\/?ref=bookmarks\" target=\"_blank\">                    <\/a><a href=\"tel:+436766173766\">                    <\/a><span><a href=\"https:\/\/www.skinconcept.at\"><img decoding=\"async\" alt=\"\" data-id=\"76\" width=\"260\" data-init-width=\"1246\" height=\"68\" data-init-height=\"326\" title=\"Skin Concept-Final_flach_schwarz\" src=\"https:\/\/www.skinconcept.at\/wp-content\/uploads\/2020\/04\/Skin-Concept-Final_flach_schwarz.png\" data-width=\"260\" data-height=\"68\" style=\"aspect-ratio: auto 1246 \/ 326;\" ml-d=\"0\" data-link-wrap=\"true\" loading=\"lazy\"><\/a><\/span><\/p>\n<p style=\"text-align: left; color: inherit !important; --tcb-applied-color: inherit !important;\">Wattmanngasse 12\/Top 5, 1130 Wien, Hietzing, \u00d6sterreich<\/p>\n<p style=\"text-align: left; color: inherit !important; --tcb-applied-color: inherit !important;\">Tel.: <a href=\"tel:0676%206173766\" style=\"outline: none;\">+43-676-6173766<\/a><\/p>\n<p style=\"text-align: left; color: inherit !important; --tcb-applied-color: inherit !important;\">E-Mail: <a href=\"https:\/\/www.skinconcept.at\/?page_id=3179\" style=\"outline: none;\">monika@skinconcept.at<\/a><\/p>\n<p style=\"text-align: center; letter-spacing: 0px;\"><span>\u00a9 2021 <span style=\"font-family: Cinzel; font-weight: 400;\">SkinConcept &nbsp;| &nbsp;<\/span><strong>Monika Ficenec (Inh.)<\/strong> &nbsp;| &nbsp;Pow<\/span>ered by WordPress &nbsp;| &nbsp;Theme: Thrive Architect &nbsp;| &nbsp;<a href=\"http:\/\/www.idesixx.com\" target=\"_blank\" style=\"outline: none;\" data-tcb_hover_state_parent=\"\"><strong>Grafikb\u00fcro: Idesixx@gmail.com<\/strong><\/a><\/p>\n","protected":false},"excerpt":{"rendered":"<p>Newsletter Abonnieren! *Pflichtfelder. Tragen Sie Ihre E-Mail-Adresse ein und so kommen Sie zu Ihrem pers\u00f6nlichen SkinConcept-Newsletter. Selbstverst\u00e4ndlich haben Sie jederzeit die M\u00f6glichkeit, den Newsletter ohne Angabe von Gr\u00fcnden via E-Mail an monika@skinconcept.at abzubestellen und Ihre Zustimmung damit zu widerrufen. Bis zu diesem Zeitpunkt an die von Ihnen bekannt gegebene E-Mail-Adresse versendete Newsletter sind von diesem [&hellip;]<\/p>\n","protected":false},"author":1,"featured_media":0,"parent":5606,"menu_order":0,"comment_status":"closed","ping_status":"closed","template":"","meta":{"footnotes":""},"class_list":["post-6179","page","type-page","status-publish","hentry"],"_links":{"self":[{"href":"https:\/\/www.skinconcept.at\/index.php?rest_route=\/wp\/v2\/pages\/6179","targetHints":{"allow":["GET"]}}],"collection":[{"href":"https:\/\/www.skinconcept.at\/index.php?rest_route=\/wp\/v2\/pages"}],"about":[{"href":"https:\/\/www.skinconcept.at\/index.php?rest_route=\/wp\/v2\/types\/page"}],"author":[{"embeddable":true,"href":"https:\/\/www.skinconcept.at\/index.php?rest_route=\/wp\/v2\/users\/1"}],"replies":[{"embeddable":true,"href":"https:\/\/www.skinconcept.at\/index.php?rest_route=%2Fwp%2Fv2%2Fcomments&post=6179"}],"version-history":[{"count":28,"href":"https:\/\/www.skinconcept.at\/index.php?rest_route=\/wp\/v2\/pages\/6179\/revisions"}],"predecessor-version":[{"id":7896,"href":"https:\/\/www.skinconcept.at\/index.php?rest_route=\/wp\/v2\/pages\/6179\/revisions\/7896"}],"up":[{"embeddable":true,"href":"https:\/\/www.skinconcept.at\/index.php?rest_route=\/wp\/v2\/pages\/5606"}],"wp:attachment":[{"href":"https:\/\/www.skinconcept.at\/index.php?rest_route=%2Fwp%2Fv2%2Fmedia&parent=6179"}],"curies":[{"name":"wp","href":"https:\/\/api.w.org\/{rel}","templated":true}]}}