{"id":5606,"date":"2024-06-07T09:01:00","date_gmt":"2024-06-07T07:01:00","guid":{"rendered":"https:\/\/www.skinconcept.at\/?page_id=5606"},"modified":"2026-02-22T12:40:56","modified_gmt":"2026-02-22T11:40:56","slug":"skinconcept-startseite","status":"publish","type":"page","link":"https:\/\/www.skinconcept.at\/","title":{"rendered":"Kosmetikstudio"},"content":{"rendered":"<p><span><img decoding=\"async\" alt=\"\" data-id=\"76\" width=\"368\" data-init-width=\"1246\" height=\"96\" data-init-height=\"326\" title=\"Skin Concept-Final_flach_schwarz\" loading=\"lazy\" src=\"https:\/\/www.skinconcept.at\/wp-content\/uploads\/2020\/04\/Skin-Concept-Final_flach_schwarz.png\" data-width=\"368\" data-height=\"96\" style=\"aspect-ratio: auto 1246 \/ 326;\" data-link-wrap=\"true\"><\/span><a href=\"https:\/\/www.instagram.com\/skinconceptvienna\/\">                    <\/a><a href=\"https:\/\/www.facebook.com\/www.skinconcept.at\/?ref=bookmarks\">                    <\/a><a href=\"tel:+436766173766\" rel=\"\">                    <\/a>                    <a href=\"https:\/\/www.skinconcept.at\/?page_id=3179\" rel=\"\">                    <\/a><a href=\"https:\/\/www.skinconcept.at\/?page_id=2621\" rel=\"\">                    <\/a><a href=\"#tve-jump-172d7ae2b7c\"><\/a><span style=\"\"><img decoding=\"async\" alt=\"\" data-id=\"7988\" width=\"342\" data-init-width=\"1080\" height=\"342\" data-init-height=\"1080\" title=\"TopRated2025_Badge\" loading=\"lazy\" src=\"https:\/\/www.skinconcept.at\/wp-content\/uploads\/2025\/11\/TopRated2025_Badge.gif\" data-width=\"342\" data-height=\"342\" style=\"aspect-ratio: auto 1080 \/ 1080;\" mt-m=\"-2.990000000000009\" ml-m=\"0\" center-h-m=\"false\" center-v-m=\"false\"><\/span><span style=\"\"><a href=\"https:\/\/buchung.treatwell.at\/ort\/skinconcept\/\" rel=\"\" target=\"_blank\"><img decoding=\"async\" alt=\"\" data-id=\"7512\" width=\"100\" data-init-width=\"168\" height=\"101\" data-init-height=\"169\" title=\"Termin Buchen_ROSA_SW_SCHRIFT\" loading=\"lazy\" src=\"https:\/\/www.skinconcept.at\/wp-content\/uploads\/2023\/10\/Termin-Buchen_ROSA_SW_SCHRIFT.png\" data-width=\"100\" data-height=\"101\" style=\"aspect-ratio: auto 168 \/ 169;\" ml-d=\"0\" mt-d=\"0\" data-link-wrap=\"true\"><\/a><\/span><span style=\"\"><a href=\"https:\/\/www.skinconcept.at\/?page_id=3935\"><img decoding=\"async\" alt=\"\" data-id=\"910\" width=\"116\" data-init-width=\"388\" height=\"116\" data-init-height=\"389\" title=\"Kosmetik dickere Linien_SW\" loading=\"lazy\" src=\"https:\/\/www.skinconcept.at\/wp-content\/uploads\/2020\/04\/Kosmetik-dickere-Linien_SW.jpg\" style=\"aspect-ratio: auto 388 \/ 389;\" mt-d=\"0\" data-width=\"116\" data-height=\"116\" ml-d=\"0\" ml-m=\"0\" data-link-wrap=\"true\"><\/a><\/span><\/p>\n<h3 style=\"text-align: center;\">KosmetikStudio<\/h3>\n<h3 style=\"text-align: center;\">SkinConcept<\/h3>\n<p style=\"\">Jedes Hautproblem ist anders: Unreinheiten, Akne, Pigmentflecken, Hautalterung, Narben und Couperose beeinflussen unser Wohlbefinden. Sie haben das Gef\u00fchl, dass die allt\u00e4gliche Kosmetik oft nicht den gew\u00fcnschten Erfolg bringt? Als zertifizierte Hautexpertinnen\/<span style=\"\"><\/span>Kosmetikerinnen helfen wir Ihnen die richtige Hautpflege und Kosmetik- &amp; Gesichtsbehandlung zu finden. Dies f\u00fchrt zu einem sch\u00f6nen und strahlenden Hautbild und hilft Ihnen, sich in Ihrer Haut wieder wohl zu f\u00fchlen.<\/p>\n<p style=\"text-align: center; font-size: 30px !important;\"><em><strong>EFFEKTIV. SICHTBAR. STRAHLEND SCH\u00d6N.<\/strong><\/em><\/p>\n<p style=\"\">In unserem Kosmetikstudio in Wien Hietzing, bieten wir Ihnen spezielle Behandlungsm\u00f6glichkeiten mit Hightech-Kosmetik-Wirkstoffen, deren Pro\u00addukt\u00adent\u00adwick\u00adlung und Behand\u00adlungs\u00adkon\u00adzepte auf medi\u00adzi\u00adnisch-der\u00adma\u00adto\u00adlo\u00adgisch fun\u00addierten Erkennt\u00adnissen basieren. Unser Fokus: Ihre Haut so lange wie m\u00f6glich jung und gesund zu erhalten. Gerne beraten wir Sie unverbindlich und erstellen Ihnen ein individuelles Behandlungs- und Pflegeprogramm. Denn nur wer die Haut richtig versteht, kann sie nachhaltig und sichtbar ver\u00e4ndern.<\/p>\n<p><span style=\"\"><a href=\"https:\/\/www.skinconcept.at\/?page_id=1426\" rel=\"\"><img decoding=\"async\" alt=\"\" data-id=\"8170\" width=\"450\" data-init-width=\"794\" height=\"450\" data-init-height=\"794\" title=\"2026-02-22_icoone\u00ae-Laser Fru\u0308hlingsangebot2\" src=\"https:\/\/www.skinconcept.at\/wp-content\/uploads\/2026\/02\/2026-02-22_icoone\u00ae-Laser-Fruehlingsangebot2.jpg\" data-width=\"450\" style=\"aspect-ratio: auto 794 \/ 794;\" loading=\"lazy\" mt-d=\"0\" ml-d=\"0\" data-link-wrap=\"1\" data-height=\"450\"><\/a><\/span><span style=\"\"><a href=\"https:\/\/giftcard.sumup.io\/order\/G4Y9JTW\/skinconcept\" rel=\"\"><img decoding=\"async\" alt=\"\" data-id=\"7775\" width=\"416\" data-init-width=\"874\" height=\"416\" data-init-height=\"874\" title=\"RZ_2023-003-001_Gutscheinkarte_SKINCONCEPT_LEER\" src=\"https:\/\/www.skinconcept.at\/wp-content\/uploads\/2025\/01\/RZ_2023-003-001_Gutscheinkarte_SKINCONCEPT_LEER.jpg\" data-width=\"416\" style=\"aspect-ratio: auto 874 \/ 874;\" loading=\"lazy\" mt-d=\"0\" ml-d=\"0\" data-link-wrap=\"1\" data-height=\"416\"><\/a><\/span><a href=\"https:\/\/www.skinconcept.at\/?page_id=3935\" rel=\"\" style=\"\"><\/p>\n<h4 style=\"text-align: center;\">Expertinnen<\/h4>\n<p><span><img decoding=\"async\" alt=\"\" data-id=\"3258\" width=\"148\" data-init-width=\"156\" height=\"135\" data-init-height=\"142\" title=\"EXPERT BEAUTICIANS Icon_300\" loading=\"lazy\" src=\"https:\/\/www.skinconcept.at\/wp-content\/uploads\/2020\/06\/EXPERT-BEAUTICIANS-Icon_300.png\" data-width=\"148\" data-height=\"135\" style=\"aspect-ratio: auto 156 \/ 142;\"><\/span><\/p>\n<p style=\"text-align: center;\"><strong>Fachliche Kompentenz<\/strong><strong>.<\/strong><\/p>\n<p style=\"text-align: center;\">Pers\u00f6nliche und individuelle Betreuung sowie h\u00f6chste Professionalit\u00e4t, durch stetige <strong>Aus- und Weiterbildung<\/strong> ist uns bei <strong>SkinConcept<\/strong> ein besonderes Anliegen. Denn Sch\u00f6nheit ist immer auch eine Frage des Vertrauens.<\/p>\n<p><\/a><\/p>\n<h4 style=\"text-align: center;\">Zeit Nehmen<\/h4>\n<p><span style=\"\"><a href=\"https:\/\/www.skinconcept.at\/?attachment_id=3259\"><img decoding=\"async\" alt=\"\" data-id=\"3259\" width=\"117\" data-init-width=\"123\" height=\"144\" data-init-height=\"151\" title=\"Woman Relax Icon\" loading=\"lazy\" src=\"https:\/\/www.skinconcept.at\/wp-content\/uploads\/2020\/06\/Woman-Relax-Icon.png\" style=\"aspect-ratio: auto 123 \/ 151;\" data-width=\"117\" data-height=\"144\" mt-d=\"-5\" ml-d=\"-2\" data-link-wrap=\"true\"><\/a><\/span><\/p>\n<p style=\"text-align: center;\"><strong>Exklusive Entschleunigung<\/strong><\/p>\n<p style=\"text-align: center;\">Qualit\u00e4t vor Quantit\u00e4t. Wir nehmen uns Zeit f\u00fcr Sie. <strong>Licht und Leichtigkeit &#8211;&nbsp;<\/strong>Helle Behandlungsra\u0308ume und eine entspannte und <strong>wohltuende Atmosph\u00e4re erwarten Sie!&nbsp;<\/strong><\/p>\n<h4 style=\"text-align: center;\">Produkte<\/h4>\n<p><span style=\"\"><a href=\"https:\/\/www.skinconcept.at\/?attachment_id=3263\"><img decoding=\"async\" alt=\"\" data-id=\"3263\" width=\"146\" data-init-width=\"144\" height=\"143\" data-init-height=\"141\" title=\"Produkte Icon\" loading=\"lazy\" src=\"https:\/\/www.skinconcept.at\/wp-content\/uploads\/2020\/06\/Produkte-Icon.png\" data-width=\"146\" data-height=\"143\" style=\"aspect-ratio: auto 144 \/ 141;\" ml-d=\"0\" data-link-wrap=\"true\"><\/a><\/span><\/p>\n<p style=\"text-align: center;\"><strong><em><strong>Erstklassige Ergebnisse<\/strong><\/em><\/strong><\/p>\n<p style=\"text-align: center;\"><em>Qualit\u00e4t<\/em> hat bei <strong>SkinConcept<\/strong> oberste Priorit\u00e4t. Wir arbeiten daher ausschliesslich mit Premium-Produkten: <strong>Dr. Babor, Dr. Babor Pro, Infuzion, Dermadrop, Dr. Tonar &amp; Alex Kosmetik<\/strong><\/p>\n<h4 style=\"text-align: center;\">hygiene<\/h4>\n<p><span style=\"\"><a href=\"https:\/\/www.skinconcept.at\/?attachment_id=5942\"><img decoding=\"async\" alt=\"\" data-id=\"5942\" width=\"130\" data-init-width=\"130\" height=\"139\" data-init-height=\"139\" title=\"ha\u0308ndewaschen transparent\" loading=\"lazy\" src=\"https:\/\/www.skinconcept.at\/wp-content\/uploads\/2020\/10\/ha\u0308ndewaschen-transparent.png\" data-width=\"130\" data-height=\"139\" style=\"aspect-ratio: auto 130 \/ 139;\" mt-d=\"-3\" ml-d=\"0\" center-h-d=\"false\" data-link-wrap=\"true\"><\/a><\/span><\/p>\n<p style=\"text-align: center;\"><strong>Pure Gepflegtheit<\/strong><\/p>\n<p style=\"text-align: center;\">Da wir auf intimer Ebene mit unseren KundInnen interagieren, legen wir bei <strong>SkinConcept<\/strong> gro\u00dfen Wert auf Hygiene.<\/p>\n<p><span><img decoding=\"async\" alt=\"\" data-id=\"7427\" width=\"91\" data-init-width=\"1225\" height=\"91\" data-init-height=\"1234\" title=\"Treatwell_Kreis_Top_Rated_2020\" loading=\"lazy\" src=\"https:\/\/www.skinconcept.at\/wp-content\/uploads\/2023\/03\/Treatwell_Kreis_Top_Rated_2020.png\" data-width=\"91\" style=\"aspect-ratio: auto 1225 \/ 1234;\" data-link-wrap=\"true\" data-height=\"91\"><\/span><span><img decoding=\"async\" alt=\"\" data-id=\"6883\" width=\"180\" data-init-width=\"550\" height=\"550\" data-init-height=\"550\" title=\"Treatwell Top Rated 2021\" loading=\"lazy\" src=\"https:\/\/www.skinconcept.at\/wp-content\/uploads\/2022\/02\/Treatwell-Top-Rated-2021.png\" data-width=\"180\" style=\"aspect-ratio: auto 550 \/ 550;\" data-link-wrap=\"true\"><\/span><span><img decoding=\"async\" alt=\"\" data-id=\"7426\" width=\"180\" data-init-width=\"591\" height=\"592\" data-init-height=\"592\" title=\"treatwell_Top Rated_2022\" loading=\"lazy\" src=\"https:\/\/www.skinconcept.at\/wp-content\/uploads\/2023\/03\/treatwell_Top-Rated_2022.png\" data-width=\"180\" style=\"aspect-ratio: auto 591 \/ 592;\" data-link-wrap=\"true\"><\/span><span><img decoding=\"async\" alt=\"\" data-id=\"7532\" width=\"117\" data-init-width=\"591\" height=\"117\" data-init-height=\"592\" title=\"treatwell_Top Rated_2023\" loading=\"lazy\" src=\"https:\/\/www.skinconcept.at\/wp-content\/uploads\/2024\/01\/treatwell_Top-Rated_2023.png\" data-width=\"117\" style=\"aspect-ratio: auto 591 \/ 592;\" data-link-wrap=\"true\" data-height=\"117\"><\/span><span><img decoding=\"async\" alt=\"\" data-id=\"7753\" width=\"136\" data-init-width=\"591\" height=\"136\" data-init-height=\"592\" title=\"treatwell_Top Rated_2024 Kopie\" loading=\"lazy\" src=\"https:\/\/www.skinconcept.at\/wp-content\/uploads\/2024\/11\/treatwell_Top-Rated_2024-Kopie.jpg\" data-width=\"136\" style=\"aspect-ratio: auto 591 \/ 592;\" data-link-wrap=\"true\" data-height=\"136\"><\/span><span style=\"\"><img decoding=\"async\" alt=\"\" data-id=\"7969\" width=\"158\" data-init-width=\"1081\" height=\"281\" data-init-height=\"1921\" title=\"Instagram Story_9x16_5Year_2_DE\" loading=\"lazy\" src=\"https:\/\/www.skinconcept.at\/wp-content\/uploads\/2025\/10\/Instagram-Story_9x16_5Year_2_DE.jpg\" data-width=\"158\" data-height=\"281\" style=\"aspect-ratio: auto 1081 \/ 1921;\" ml-d=\"0\" mt-d=\"0\"><\/span><\/p>\n<h2 style=\"text-align: center; line-height: 1em !important;\">#<span>HelloBeauty<\/span><\/h2>\n<p><span style=\"\"><img decoding=\"async\" alt=\"\" data-id=\"7128\" width=\"473\" data-init-width=\"470\" height=\"709\" data-init-height=\"705\" title=\"IMG_6197 Kopie\" loading=\"lazy\" src=\"https:\/\/www.skinconcept.at\/wp-content\/uploads\/2022\/09\/IMG_6197-Kopie.jpg\" data-width=\"473\" data-height=\"709\" style=\"aspect-ratio: auto 470 \/ 705;\" mt-m=\"0\"><\/span><span style=\"\"><img decoding=\"async\" alt=\"\" data-id=\"7004\" width=\"477\" data-init-width=\"470\" height=\"709\" data-init-height=\"698\" title=\"IMG_5341\" loading=\"lazy\" src=\"https:\/\/www.skinconcept.at\/wp-content\/uploads\/2022\/08\/IMG_5341.jpg\" data-width=\"477\" data-height=\"709\" style=\"aspect-ratio: auto 470 \/ 698;\" ml-d=\"0\" mt-d=\"0\"><\/span><span><img decoding=\"async\" alt=\"\" data-id=\"7006\" width=\"473\" data-init-width=\"470\" height=\"709\" data-init-height=\"705\" title=\"IMG_5312\" loading=\"lazy\" src=\"https:\/\/www.skinconcept.at\/wp-content\/uploads\/2022\/08\/IMG_5312.jpg\" data-width=\"473\" data-height=\"709\" style=\"aspect-ratio: auto 470 \/ 705;\"><\/span><span><img decoding=\"async\" alt=\"\" data-id=\"7030\" width=\"473\" data-init-width=\"470\" height=\"709\" data-init-height=\"705\" title=\"IMG_5622\" loading=\"lazy\" src=\"https:\/\/www.skinconcept.at\/wp-content\/uploads\/2022\/08\/IMG_5622.jpg\" data-width=\"473\" data-height=\"709\" style=\"aspect-ratio: auto 470 \/ 705;\"><\/span><span style=\"\"><img decoding=\"async\" alt=\"\" data-id=\"3647\" width=\"477\" data-init-width=\"470\" height=\"477\" data-init-height=\"470\" title=\"less_stress\" loading=\"lazy\" src=\"https:\/\/www.skinconcept.at\/wp-content\/uploads\/2020\/06\/less_stress.jpg\" data-width=\"477\" data-height=\"477\" style=\"aspect-ratio: auto 470 \/ 470;\" mt-m=\"0\" ml-d=\"-2.5\" mt-d=\"0\" ml-m=\"0\"><\/span><span style=\"\"><img decoding=\"async\" alt=\"\" data-id=\"7023\" width=\"473\" data-init-width=\"470\" height=\"514\" data-init-height=\"511\" title=\"IMG_4241\" loading=\"lazy\" src=\"https:\/\/www.skinconcept.at\/wp-content\/uploads\/2022\/08\/IMG_4241.jpg\" data-width=\"473\" data-height=\"514\" style=\"aspect-ratio: auto 470 \/ 511;\" mt-d=\"-5.146999999999991\" ml-d=\"0\"><\/span><span style=\"\"><img decoding=\"async\" alt=\"\" data-id=\"7024\" width=\"974\" data-init-width=\"963\" height=\"475\" data-init-height=\"470\" title=\"IMG_4335\" loading=\"lazy\" src=\"https:\/\/www.skinconcept.at\/wp-content\/uploads\/2022\/08\/IMG_4335.jpg\" data-width=\"974\" data-height=\"475\" style=\"aspect-ratio: auto 963 \/ 470;\" ml-d=\"-4.805000000000007\" mt-d=\"0\" ml-m=\"-153\" center-h-m=\"true\"><\/span><span style=\"\"><img decoding=\"async\" alt=\"\" data-id=\"7027\" width=\"974\" data-init-width=\"947\" height=\"483\" data-init-height=\"470\" title=\"IMG_5283\" loading=\"lazy\" src=\"https:\/\/www.skinconcept.at\/wp-content\/uploads\/2022\/08\/IMG_5283.jpg\" data-width=\"974\" data-height=\"483\" style=\"aspect-ratio: auto 947 \/ 470;\" ml-d=\"-4.805000000000007\" mt-d=\"0\" ml-m=\"-153\" center-h-m=\"true\"><\/span><span style=\"\"><img decoding=\"async\" alt=\"\" data-id=\"7026\" width=\"482\" data-init-width=\"470\" height=\"482\" data-init-height=\"470\" title=\"IMG_5049\" loading=\"lazy\" src=\"https:\/\/www.skinconcept.at\/wp-content\/uploads\/2022\/08\/IMG_5049.jpg\" data-width=\"482\" data-height=\"482\" style=\"aspect-ratio: auto 470 \/ 470;\" mt-m=\"0\" ml-d=\"-2.5\" mt-d=\"0\" ml-m=\"0\"><\/span><span style=\"\"><img decoding=\"async\" alt=\"\" data-id=\"3648\" width=\"482\" data-init-width=\"470\" height=\"482\" data-init-height=\"470\" title=\"relaxrenewrefresh\" loading=\"lazy\" src=\"https:\/\/www.skinconcept.at\/wp-content\/uploads\/2020\/06\/relaxrenewrefresh.jpg\" data-width=\"482\" data-height=\"482\" style=\"aspect-ratio: auto 470 \/ 470;\" mt-d=\"0\" ml-d=\"-1.504000000000019\"><\/span><span style=\"\"><img decoding=\"async\" alt=\"\" data-id=\"522\" width=\"470\" data-init-width=\"1141\" height=\"470\" data-init-height=\"1141\" title=\"Herz mit SkinConcept_Logo\" loading=\"lazy\" src=\"https:\/\/www.skinconcept.at\/wp-content\/uploads\/2020\/04\/Herz-mit-SkinConcept_Logo.jpg\" data-width=\"470\" data-height=\"470\" style=\"aspect-ratio: auto 1141 \/ 1141;\" mt-d=\"0\" center-v-d=\"false\"><\/span><span style=\"\"><img decoding=\"async\" alt=\"\" data-id=\"7039\" width=\"955\" data-init-width=\"940\" height=\"478\" data-init-height=\"470\" title=\"IMG_4689-2\" loading=\"lazy\" src=\"https:\/\/www.skinconcept.at\/wp-content\/uploads\/2022\/08\/IMG_4689-2.jpg\" data-width=\"955\" data-height=\"478\" style=\"aspect-ratio: auto 940 \/ 470;\" mt-d=\"-4.745999999999981\"><\/span><span style=\"\"><img decoding=\"async\" alt=\"\" data-id=\"7038\" width=\"470\" data-init-width=\"470\" height=\"470\" data-init-height=\"470\" title=\"IMG_5021\" loading=\"lazy\" src=\"https:\/\/www.skinconcept.at\/wp-content\/uploads\/2022\/08\/IMG_5021.jpg\" data-width=\"470\" data-height=\"470\" style=\"aspect-ratio: auto 470 \/ 470;\" ml-d=\"0\" mt-d=\"0\"><\/span><span style=\"\"><img decoding=\"async\" alt=\"\" data-id=\"7035\" width=\"470\" data-init-width=\"470\" height=\"470\" data-init-height=\"470\" title=\"IMG_4544\" loading=\"lazy\" src=\"https:\/\/www.skinconcept.at\/wp-content\/uploads\/2022\/08\/IMG_4544.jpg\" data-width=\"470\" data-height=\"470\" style=\"aspect-ratio: auto 470 \/ 470;\" ml-d=\"0\" mt-d=\"0\"><\/span><span style=\"\"><img decoding=\"async\" alt=\"\" data-id=\"3646\" width=\"470\" data-init-width=\"470\" height=\"471\" data-init-height=\"471\" title=\"good_skin_good\" loading=\"lazy\" src=\"https:\/\/www.skinconcept.at\/wp-content\/uploads\/2020\/06\/good_skin_good.jpg\" data-width=\"470\" data-height=\"471\" style=\"aspect-ratio: auto 470 \/ 471;\" mt-d=\"0\" center-v-d=\"false\"><\/span><span style=\"\"><img decoding=\"async\" alt=\"\" data-id=\"7036\" width=\"955\" data-init-width=\"940\" height=\"478\" data-init-height=\"470\" title=\"IMG_4399_TEIL WAND HERAUSGESCHNITTEN\" loading=\"lazy\" src=\"https:\/\/www.skinconcept.at\/wp-content\/uploads\/2022\/08\/IMG_4399_TEIL-WAND-HERAUSGESCHNITTEN.jpg\" data-width=\"955\" data-height=\"478\" style=\"aspect-ratio: auto 940 \/ 470;\" mt-d=\"-4\" ml-d=\"0\" center-v-d=\"false\"><\/span><\/p>\n<h2 style=\"text-align: center;\">#Feed Back<\/h2>\n<p style=\"text-align: center;\"><strong>Testimonials<\/strong><\/p>\n<h3 style=\"text-align: center;\">\u201eWas unsere Kundinnen sagen\u201c<\/h3>\n<h6 style=\"text-align: center; color: rgb(166, 166, 166) !important; --tcb-applied-color:rgb(166, 166, 166)  !important;\">\u201eTipps und Tricks\u201c<\/h6>\n<p style=\"\">Allein das Betreten des Studios wirkt sich schon positiv auf meinem K\u00f6rper aus! Ich f\u00fchle mich sehr wohl und gut aufgehoben! Meine Haut bekommt genau die Gesichtsbehandlung die sie zu dem Zeitpunkt besonders ben\u00f6tigt &#8211; und ich bin immer wieder zufrieden! Ich bekomme ausreichend Beratung f\u00fcr zuhause, sowie Tipps und Tricks! Kann ich nur weiterempfehlen!! Gro\u00dfartiges Studio!!<\/p>\n<h6 data-ft=\"{&quot;tn&quot;:&quot;C&quot;}\"><span data-ft=\"{&quot;tn&quot;:&quot;l&quot;}\" title=\"Nelly Paulina\">J. from Treatwell<\/span><\/h6>\n<h6 style=\"text-align: center; color: rgb(166, 166, 166) !important; --tcb-applied-color:rgb(166, 166, 166)  !important;\">\u201eAu\u00dfergew\u00f6hnlich\u201c<\/h6>\n<p style=\"\">SkinConcept: Ab dem Betreten f\u00fchlt man sich gut aufgehoben in den wundersch\u00f6nen R\u00e4umlichkeiten. Es wird sich liebevoll um einen gek\u00fcmmert und man merkt, dass es der Inhaberin Monika wirklich wichtig ist, dass sie ihre Arbeit zur vollsten Zufriedenheit erledigt. Durch meine Hautprobleme habe ich schon einiges ausprobiert und getestet, nirgends jedoch habe ich mich so gut aufgehoben und behandelt gef\u00fchlt. Meine vollste Empfehlung!<\/p>\n<h6 data-ft=\"{&quot;tn&quot;:&quot;C&quot;}\">C.G. from GOOGLE Review<\/h6>\n<h6 style=\"text-align: center; color: rgb(166, 166, 166) !important; --tcb-applied-color:rgb(166, 166, 166)  !important;\">\u201eBer\u00e4t ganz toll\u201c<\/h6>\n<h6 data-ft=\"{&quot;tn&quot;:&quot;C&quot;}\"><span data-ft=\"{&quot;tn&quot;:&quot;l&quot;}\" title=\"Nelly Paulina\">S. from Treatwell Review<\/span><\/h6>\n<h6 style=\"text-align: center; color: rgb(166, 166, 166) !important; --tcb-applied-color:rgb(166, 166, 166)  !important;\">\u201eSehr kompetent\u201c<\/h6>\n<p style=\"\">Ganz tolle Beratung auch f\u00fcr dir Pflege im privaten Bereich, es werden dir keine Produkte aufgeschwazt die man kaufen soll (obwohl vorhanden)&#8230;. Sehr kompetent und trotzdem in keiner aufdringlichen Art und Weise&#8230;. Sehr entspannte Atmosph\u00e4re&#8230; Ein sehr gelungener Besuch&#8230;. Ich komme wieder!<\/p>\n<h6 data-ft=\"{&quot;tn&quot;:&quot;C&quot;}\"><span data-ft=\"{&quot;tn&quot;:&quot;l&quot;}\" title=\"Nelly Paulina\">M. from TREATWELL Review<\/span><\/h6>\n<h6 style=\"text-align: center; color: rgb(166, 166, 166) !important; --tcb-applied-color:rgb(166, 166, 166)  !important;\">\u201eKurzurlaub<\/h6>\n<p style=\"\">Konzentriere Dich auf das, was Dir gut tut und Dich noch sch\u00f6ner und gl\u00fccklicher macht. Monika hat sich als Ziel gesetzt, in ihren Behandlungen Wohlf\u00fchlen, Qualit\u00e4t und tolle Behandlungsergebnisse zu vereinen. Es ist ein Geheimtipp f\u00fcr eine Beauty Pause. <img decoding=\"async\" role=\"img\" alt=\"\ud83d\ude0d\" src=\"https:\/\/s.w.org\/images\/core\/emoji\/13.0.1\/svg\/1f60d.svg\">&nbsp;Eine Oase der Ruhe, gleich in der N\u00e4he vom Tiergarten Sch\u00f6nbrunn. Erholung f\u00fcr K\u00f6rper und Seele. Ich bekomme nicht nur wundersch\u00f6ne Wimpern, perfekte Augenbrauen und eine frischere und straffere Gesichtshaut, sondern genie\u00dfe die w\u00e4rmende Spaliege und die entspannende Musik. Monika schafft es alles zu vereinen, was mir gut tut. Es ist soooo sch\u00f6n dort, sauber, wundersch\u00f6n eingerichtet mit wei\u00dfen M\u00f6beln, Blumen, leckere Getr\u00e4nke,\u2026 Es ist alles da, um sich sehr wohl zu f\u00fchlen. Monika arbeitet sehr professionell, sie ist absolute Perfektionistin und versteht es auf meine Bed\u00fcrfnisse und Anliegen kompetent einzugehen. Ich bin unglaublich zufrieden. Perfekt! Wunderbar! <img decoding=\"async\" role=\"img\" alt=\"\u2764\ufe0f\" src=\"https:\/\/s.w.org\/images\/core\/emoji\/13.0.1\/svg\/2764.svg\"><img decoding=\"async\" role=\"img\" alt=\"\u2764\ufe0f\" src=\"https:\/\/s.w.org\/images\/core\/emoji\/13.0.1\/svg\/2764.svg\"><img decoding=\"async\" role=\"img\" alt=\"\u2764\ufe0f\" src=\"https:\/\/s.w.org\/images\/core\/emoji\/13.0.1\/svg\/2764.svg\"><img decoding=\"async\" role=\"img\" alt=\"\u2764\ufe0f\" src=\"https:\/\/s.w.org\/images\/core\/emoji\/13.0.1\/svg\/2764.svg\"><\/p>\n<h6 data-ft=\"{&quot;tn&quot;:&quot;C&quot;}\"><span data-ft=\"{&quot;tn&quot;:&quot;l&quot;}\" title=\"Nelly Paulina\">J.L. from GOOGLE<\/span><\/h6>\n<h6 style=\"text-align: center; color: rgb(166, 166, 166) !important; --tcb-applied-color:rgb(166, 166, 166)  !important;\">\u201eWohlf\u00fchl-Oase\u201c<\/h6>\n<h6 data-ft=\"{&quot;tn&quot;:&quot;C&quot;}\"><span data-ft=\"{&quot;tn&quot;:&quot;l&quot;}\" title=\"Nelly Paulina\">L. from Google Review<\/span><\/h6>\n<p><a href=\"https:\/\/www.skinconcept.at\/?page_id=3179\" rel=\"\"><\/p>\n<h4 data-hide=\"true\" style=\"text-align: center;\">Kontakt<\/h4>\n<p><\/a><a href=\"https:\/\/www.skinconcept.at\/?page_id=2621\" rel=\"\"><\/p>\n<h4 style=\"text-align: center;\">Anfahrtsweg<\/h4>\n<p><\/a><a href=\"https:\/\/www.skinconcept.at\/?page_id=3396\" rel=\"\"><\/p>\n<h4 style=\"text-align: center;\"><span style=\"font-weight: normal;\">Impressum<\/span><\/h4>\n<p><\/a><a href=\"https:\/\/www.skinconcept.at\/?page_id=6628\" rel=\"\"><\/p>\n<h4 data-alt-text=\"AGB\" style=\"text-align: center;\"><span style=\"text-decoration: none;\">AGB<\/span><\/h4>\n<p><\/a><a href=\"https:\/\/www.skinconcept.at\/?page_id=3356\" rel=\"\"><\/p>\n<h4 style=\"text-align: center;\">Datenschutz<\/h4>\n<p><\/a><a href=\"https:\/\/www.skinconcept.at\/?page_id=3456\" rel=\"\"><\/p>\n<h4 style=\"text-align: center;\">Nutzunsbedingungen<\/h4>\n<p><\/a><a href=\"https:\/\/www.instagram.com\/skinconceptvienna\/\" target=\"_blank\">                    <\/a><a href=\"https:\/\/www.facebook.com\/www.skinconcept.at\/?ref=bookmarks\" target=\"_blank\">                    <\/a><a href=\"tel:+436766173766\">                    <\/a><span><a href=\"https:\/\/www.skinconcept.at\/\" rel=\"\"><img decoding=\"async\" alt=\"\" data-id=\"76\" width=\"260\" data-init-width=\"1246\" height=\"68\" data-init-height=\"326\" title=\"Skin Concept-Final_flach_schwarz\" src=\"https:\/\/www.skinconcept.at\/wp-content\/uploads\/2020\/04\/Skin-Concept-Final_flach_schwarz.png\" data-width=\"260\" data-height=\"68\" style=\"aspect-ratio: auto 1246 \/ 326;\" ml-d=\"0\" data-link-wrap=\"true\" loading=\"lazy\"><\/a><\/span><\/p>\n<p style=\"text-align: left;\">Wattmanngasse 12\/Top 5, 1130 Wien, Hietzing, \u00d6sterreich<\/p>\n<p style=\"text-align: left; color: inherit !important; --tcb-applied-color: inherit !important;\">\u00d6ffnungszeiten:<span>&nbsp;Mo bis Fr von 9<span>&nbsp;<\/span>&#8211;<span>&nbsp;<\/span>18Uhr<\/span><\/p>\n<p style=\"text-align: left; color: inherit !important; --tcb-applied-color: inherit !important;\"><span>(nur gegen tel. Voranmeldung)<\/span><\/p>\n<p style=\"text-align: left; color: inherit !important; --tcb-applied-color: inherit !important;\">Tel.: <a href=\"tel:0676%206173766\">+43-676-6173766<\/a><\/p>\n<p style=\"text-align: left; color: inherit !important; --tcb-applied-color: inherit !important;\">E-Mail: <a href=\"https:\/\/www.skinconcept.at\/Neu\/?page_id=3179\">monika@skinconcept.at<\/a><\/p>\n<p style=\"text-align: center; letter-spacing: 0px;\"><span style=\"font-weight: normal;\"><span>\u00a9 2020 <span style=\"font-family: Cinzel;\">SkinConcept &nbsp;| &nbsp;<\/span><\/span><\/span><span>Monika Ficenec (Inh.) <\/span><span style=\"font-weight: normal;\"><span> | &nbsp;Pow<\/span>ered by WordPress &nbsp;| &nbsp;Theme: Thrive Architect &nbsp;| &nbsp;Fotos: Shutterstock, Eigene<\/span><\/p>\n<p style=\"text-align: center; letter-spacing: 0px;\"><a href=\"http:\/\/www.idesixx.com\" target=\"_blank\" data-tcb_hover_state_parent=\"\">Design: Grafikb\u00fcro &#8211; Ing. Martin Cmund &#8211; www.idesixx.com &#8211; Idesixx@gmail.com<\/a><\/p>\n<p><a href=\"http:\/\/www.idesixx.com\" rel=\"\"><\/p>\n<h4 style=\"text-align: center; color: rgb(243, 243, 243) !important; --tcb-applied-color:rgb(243, 243, 243)  !important;\">WebDesign<\/h4>\n<p><\/a><\/p>\n","protected":false},"excerpt":{"rendered":"<p>KosmetikStudio SkinConcept Jedes Hautproblem ist anders: Unreinheiten, Akne, Pigmentflecken, Hautalterung, Narben und Couperose beeinflussen unser Wohlbefinden. Sie haben das Gef\u00fchl, dass die allt\u00e4gliche Kosmetik oft nicht den gew\u00fcnschten Erfolg bringt? Als zertifizierte Hautexpertinnen\/Kosmetikerinnen helfen wir Ihnen die richtige Hautpflege und Kosmetik- &amp; Gesichtsbehandlung zu finden. Dies f\u00fchrt zu einem sch\u00f6nen und strahlenden Hautbild und hilft [&hellip;]<\/p>\n","protected":false},"author":1,"featured_media":0,"parent":0,"menu_order":0,"comment_status":"closed","ping_status":"closed","template":"","meta":{"footnotes":""},"class_list":["post-5606","page","type-page","status-publish","hentry"],"_links":{"self":[{"href":"https:\/\/www.skinconcept.at\/index.php?rest_route=\/wp\/v2\/pages\/5606","targetHints":{"allow":["GET"]}}],"collection":[{"href":"https:\/\/www.skinconcept.at\/index.php?rest_route=\/wp\/v2\/pages"}],"about":[{"href":"https:\/\/www.skinconcept.at\/index.php?rest_route=\/wp\/v2\/types\/page"}],"author":[{"embeddable":true,"href":"https:\/\/www.skinconcept.at\/index.php?rest_route=\/wp\/v2\/users\/1"}],"replies":[{"embeddable":true,"href":"https:\/\/www.skinconcept.at\/index.php?rest_route=%2Fwp%2Fv2%2Fcomments&post=5606"}],"version-history":[{"count":403,"href":"https:\/\/www.skinconcept.at\/index.php?rest_route=\/wp\/v2\/pages\/5606\/revisions"}],"predecessor-version":[{"id":7805,"href":"https:\/\/www.skinconcept.at\/index.php?rest_route=\/wp\/v2\/pages\/5606\/revisions\/7805"}],"wp:attachment":[{"href":"https:\/\/www.skinconcept.at\/index.php?rest_route=%2Fwp%2Fv2%2Fmedia&parent=5606"}],"curies":[{"name":"wp","href":"https:\/\/api.w.org\/{rel}","templated":true}]}}