{"id":3935,"date":"2024-06-08T07:53:04","date_gmt":"2024-06-08T05:53:04","guid":{"rendered":"https:\/\/www.skinconcept.at\/Neu\/?page_id=3935"},"modified":"2025-09-07T13:04:43","modified_gmt":"2025-09-07T11:04:43","slug":"skinconcept-neu-monika-ficenec-skinconcept","status":"publish","type":"page","link":"https:\/\/www.skinconcept.at\/?page_id=3935","title":{"rendered":"Rundum pers\u00f6nliche Behandlung"},"content":{"rendered":"<p><a id=\"tve-jump-174020c4139\" href=\"https:\/\/www.skinconcept.at\" data-id-d=\"4\" data-img-style=\"\"><img loading=\"lazy\" decoding=\"async\" src=\"https:\/\/www.skinconcept.at\/wp-content\/uploads\/2020\/04\/Skin-Concept-Final_flach_schwarz-1.jpg\" height=\"415\" width=\"2419\" alt=\"\" style=\"\"><\/img><\/a><a href=\"https:\/\/www.instagram.com\/skinconceptvienna\/\">                    <\/a><a href=\"https:\/\/www.facebook.com\/www.skinconcept.at\/?ref=bookmarks\">                    <\/a><a href=\"tel:+436766173766\">                    <\/a><a href=\"https:\/\/www.skinconcept.at\/?page_id=3179\">                    <\/a><a href=\"https:\/\/www.skinconcept.at\/?page_id=2621\">                    <\/a><a href=\"#tve-jump-174020c4139\">                    <\/a><span style=\"\"><a href=\"https:\/\/buchung.treatwell.at\/ort\/skinconcept\/\" rel=\"\"><img decoding=\"async\" alt=\"\" data-id=\"2730\" width=\"100\" data-init-width=\"172\" height=\"100\" data-init-height=\"172\" title=\"Online Buchen_2\" src=\"https:\/\/www.skinconcept.at\/Neu\/wp-content\/uploads\/2020\/06\/Online-Buchen_2.png\" data-width=\"100\" data-height=\"100\" style=\"aspect-ratio: auto 172 \/ 172;\" ml-d=\"0\" mt-d=\"0\" data-link-wrap=\"true\" loading=\"lazy\"><\/a><\/span><span style=\"\"><img decoding=\"async\" alt=\"\" data-id=\"7322\" width=\"329\" data-init-width=\"592\" height=\"357\" data-init-height=\"643\" title=\"Monika_IMG_6219\" loading=\"lazy\" src=\"https:\/\/www.skinconcept.at\/wp-content\/uploads\/2022\/11\/Monika_IMG_6219.jpg\" data-width=\"329\" data-height=\"357\" style=\"aspect-ratio: auto 592 \/ 643;\" mt-d=\"-2\" ml-d=\"0\" ml-m=\"-3\" center-v-d=\"false\"><\/span><\/p>\n<h1 style=\"text-align: center;\">Rundum pers\u00f6nliche Behandlungen!<\/h1>\n<p style=\"\">Mein Name ist <strong>Monika<\/strong> und ich stehe bereits seit mehr als 20 Jahren im Dienste der Sch\u00f6nheit meiner Kundinnen.<\/p>\n<p style=\"\">Nach einem langen Weg der Aus- und Weiterbildung, dem Sammeln von pers\u00f6nlichen Erfahrungen in der beruflichen Praxis mit Luxusmarken wie Carita, Valmont, SBT, Guerlain, La Prairie, La Mer, St. Barth, Dr. Barbara Sturm usw., habe ich mir meine Vision eines eigenen Unternehmens 2017 verwirklicht.&nbsp;<\/p>\n<p style=\"\">Durch die Gr\u00fcndung von <strong>SkinConcept<\/strong> ist es mir gelungen meinen Anspr\u00fcchen gerecht zu werden und meine eigenen Ideen im Bereich Kosmetik umzusetzen. Dazu z\u00e4hlt die Durchf\u00fchrung von professionellen und luxuri\u00f6sen, sowie medizinischen und pflegenden <strong>Gesichtsbehandlungen<\/strong> in Perfektion, sowie <strong>Microblading<\/strong> und <strong>Wimpernverl\u00e4ngerungen<\/strong>.<\/p>\n<p style=\"text-align: left;\">\n<p style=\"\"><strong>Mitten in Hietzing (1130 Wien)<\/strong> und doch ein wenig versteckt, befindet sich mein Kosmetikinstitut \u2013 <strong>klein, fein aber vor allem pers\u00f6nlich!&nbsp;<\/strong>Es erwarten Sie hochwertige Produkte, Sinn f\u00fcr \u00c4sthetik, sowie h\u00f6chst professionelle Arbeit mit rundum pers\u00f6nlicher Betreuung. Die Verwendung von modernsten und sicheren Ger\u00e4ten, die dem aktuellen Stand der Forschung entsprechen, sind mir ein Anliegen. Nur so kann ich Ihnen in meinem Sch\u00f6nheitsinstitut den h\u00f6chstm\u00f6glichen&nbsp;<strong>Qualit\u00e4tsstandard<\/strong> f\u00fcr die angebotenen Beauty-Behandlungen bieten.<\/p>\n<p><a href=\"https:\/\/www.skinconcept.at\/?page_id=3179\" rel=\"\" style=\"\"><\/p>\n<h4 data-hide=\"true\" style=\"text-align: center;\">Kontakt<\/h4>\n<p><\/a><a href=\"https:\/\/www.skinconcept.at\/?page_id=2621\" rel=\"\" style=\"\"><\/p>\n<h4 style=\"text-align: center;\">Anfahrtsweg<\/h4>\n<p><\/a><a href=\"https:\/\/www.skinconcept.at\/?page_id=3396\" rel=\"\"><\/p>\n<h4 style=\"text-align: center;\"><span style=\"font-weight: normal;\">Impressum<\/span><\/h4>\n<p><\/a><a href=\"https:\/\/www.skinconcept.at\/?page_id=6628\" rel=\"\" style=\"\"><\/p>\n<h4 data-alt-text=\"AGB\" style=\"text-align: center;\"><span style=\"text-decoration: none;\">AGB<\/span><\/h4>\n<p><\/a><a href=\"https:\/\/www.skinconcept.at\/?page_id=3356\" rel=\"\"><\/p>\n<h4 style=\"text-align: center;\">Datenschutz<\/h4>\n<p><\/a><a href=\"https:\/\/www.skinconcept.at\/?page_id=3456\" rel=\"\" style=\"\"><\/p>\n<h4 style=\"text-align: center;\">Nutzunsbedingungen<\/h4>\n<p><\/a><a href=\"https:\/\/www.instagram.com\/skinconceptvienna\/\" target=\"_blank\">                    <\/a><a href=\"https:\/\/www.facebook.com\/www.skinconcept.at\/?ref=bookmarks\" target=\"_blank\">                    <\/a><a href=\"tel:+436766173766\">                    <\/a><span><a href=\"https:\/\/www.skinconcept.at\"><img decoding=\"async\" alt=\"\" data-id=\"76\" width=\"260\" data-init-width=\"1246\" height=\"68\" data-init-height=\"326\" title=\"Skin Concept-Final_flach_schwarz\" src=\"https:\/\/www.skinconcept.at\/wp-content\/uploads\/2020\/04\/Skin-Concept-Final_flach_schwarz.png\" data-width=\"260\" data-height=\"68\" style=\"aspect-ratio: auto 1246 \/ 326;\" ml-d=\"0\" data-link-wrap=\"true\" loading=\"lazy\"><\/a><\/span><\/p>\n<p style=\"text-align: left; color: inherit !important; --tcb-applied-color: inherit !important;\">Wattmanngasse 12\/Top 5, 1130 Wien, Hietzing, \u00d6sterreich<\/p>\n<p style=\"text-align: left; color: inherit !important; --tcb-applied-color: inherit !important;\">Tel.: <a href=\"tel:0676%206173766\" style=\"outline: none;\">+43-676-6173766<\/a><\/p>\n<p style=\"text-align: left; color: inherit !important; --tcb-applied-color: inherit !important;\">E-Mail: <a href=\"https:\/\/www.skinconcept.at\/?page_id=3179\" style=\"outline: none;\">monika@skinconcept.at<\/a><\/p>\n<p style=\"text-align: center; letter-spacing: 0px;\"><span>\u00a9 2021 <span style=\"font-family: Cinzel; font-weight: 400;\">SkinConcept &nbsp;| &nbsp;<\/span><strong>Monika Ficenec (Inh.)<\/strong> &nbsp;| &nbsp;Pow<\/span>ered by WordPress &nbsp;| &nbsp;Theme: Thrive Architect &nbsp;| &nbsp;<a href=\"http:\/\/www.idesixx.com\" target=\"_blank\" style=\"outline: none;\" data-tcb_hover_state_parent=\"\"><strong>Grafikb\u00fcro: Idesixx@gmail.com<\/strong><\/a><\/p>\n","protected":false},"excerpt":{"rendered":"<p>Rundum pers\u00f6nliche Behandlungen! Mein Name ist Monika und ich stehe bereits seit mehr als 20 Jahren im Dienste der Sch\u00f6nheit meiner Kundinnen. Nach einem langen Weg der Aus- und Weiterbildung, dem Sammeln von pers\u00f6nlichen Erfahrungen in der beruflichen Praxis mit Luxusmarken wie Carita, Valmont, SBT, Guerlain, La Prairie, La Mer, St. Barth, Dr. Barbara Sturm [&hellip;]<\/p>\n","protected":false},"author":1,"featured_media":0,"parent":0,"menu_order":0,"comment_status":"closed","ping_status":"closed","template":"","meta":{"footnotes":""},"class_list":["post-3935","page","type-page","status-publish","hentry"],"_links":{"self":[{"href":"https:\/\/www.skinconcept.at\/index.php?rest_route=\/wp\/v2\/pages\/3935","targetHints":{"allow":["GET"]}}],"collection":[{"href":"https:\/\/www.skinconcept.at\/index.php?rest_route=\/wp\/v2\/pages"}],"about":[{"href":"https:\/\/www.skinconcept.at\/index.php?rest_route=\/wp\/v2\/types\/page"}],"author":[{"embeddable":true,"href":"https:\/\/www.skinconcept.at\/index.php?rest_route=\/wp\/v2\/users\/1"}],"replies":[{"embeddable":true,"href":"https:\/\/www.skinconcept.at\/index.php?rest_route=%2Fwp%2Fv2%2Fcomments&post=3935"}],"version-history":[{"count":49,"href":"https:\/\/www.skinconcept.at\/index.php?rest_route=\/wp\/v2\/pages\/3935\/revisions"}],"predecessor-version":[{"id":7899,"href":"https:\/\/www.skinconcept.at\/index.php?rest_route=\/wp\/v2\/pages\/3935\/revisions\/7899"}],"wp:attachment":[{"href":"https:\/\/www.skinconcept.at\/index.php?rest_route=%2Fwp%2Fv2%2Fmedia&parent=3935"}],"curies":[{"name":"wp","href":"https:\/\/api.w.org\/{rel}","templated":true}]}}